{"id":3,"date":"2024-05-18T17:05:53","date_gmt":"2024-05-18T17:05:53","guid":{"rendered":"https:\/\/serwistik.pl\/booking\/?page_id=3"},"modified":"2024-11-25T19:43:35","modified_gmt":"2024-11-25T19:43:35","slug":"privacy-policy","status":"publish","type":"page","link":"https:\/\/serwistik.pl\/booking\/?page_id=3","title":{"rendered":"Polityka prywatno\u015bci"},"content":{"rendered":"\n\n\n\n\n<h4 class=\"wp-block-heading\">Kim jeste\u015bmy<\/h4>\n\n\n\n<p>Adres naszej strony internetowej to: https:\/\/serwistik.pl<\/p>\n\n\n\n<h4 class=\"wp-block-heading\">Uwagi<\/h4>\n\n\n\n<p>Kiedy odwiedzaj\u0105cy witryn\u0119 robi rezerwacj\u0119, zostawia komentarz, zbieramy dane widoczne w formularzu komentowania\/rezerwacji, a tak\u017ce adres IP odwiedzaj\u0105cego i podpis jego przegl\u0105darki, aby pom\u00f3c w wykrywaniu spamu. Zanonimizowany ci\u0105g znak\u00f3w utworzony na podstawie Twojego adresu e-mail (zwany tak\u017ce skr\u00f3tem) mo\u017ce zosta\u0107 przes\u0142any do us\u0142ugi Gravatar w celu sprawdzenia, czy z niej korzystasz. Polityka prywatno\u015bci us\u0142ugi Gravatar dost\u0119pna jest tutaj: https:\/\/automattic.com\/privacy\/. Po zatwierdzeniu komentarza Twoje zdj\u0119cie profilowe b\u0119dzie widoczne publicznie w kontek\u015bcie Twojego komentarza.<\/p>\n\n\n\n<h4 class=\"wp-block-heading\">Media<\/h4>\n\n\n\n<p>Je\u015bli przesy\u0142asz obrazy na stron\u0119 internetow\u0105, powiniene\u015b unika\u0107 przesy\u0142ania obraz\u00f3w z osadzonymi danymi o lokalizacji oraz wszystko to co mo\u017ce by\u0107 dla Ciebie szkodliwe. Odwiedzaj\u0105cy witryn\u0119 mog\u0105 pobiera\u0107 i wyodr\u0119bnia\u0107 dowolne dane dotycz\u0105ce lokalizacji z obraz\u00f3w znajduj\u0105cych si\u0119 na stronie internetowej.<\/p>\n\n\n\n<h4 class=\"wp-block-heading\">Cookies<\/h4>\n\n\n\n<p>Je\u015bli zostawisz komentarz na naszej stronie, mo\u017cesz wyrazi\u0107 zgod\u0119 na zapisywanie Twojego imienia i nazwiska, adresu e-mail i strony internetowej w plikach cookie. Maj\u0105 one na celu Twoj\u0105 wygod\u0119, aby\u015b nie musia\u0142 ponownie wpisywa\u0107 swoich danych, gdy dodasz kolejny komentarz. Te pliki cookie b\u0119d\u0105 wa\u017cne przez rok. <\/p>\n\n\n\n<p>Je\u015bli odwiedzisz nasz\u0105 stron\u0119 logowania, utworzymy tymczasowy plik cookie na potrzeby sprawdzenia, czy Twoja przegl\u0105darka akceptuje pliki cookie. Ten plik cookie nie zawiera \u017cadnych danych osobowych i jest usuwany po zamkni\u0119ciu przegl\u0105darki. <\/p>\n\n\n\n<p>Kiedy si\u0119 zalogujesz, utworzymy r\u00f3wnie\u017c kilka plik\u00f3w cookie, aby zapisa\u0107 Twoje dane logowania i wybrane opcje wy\u015bwietlania ekranu. Pliki cookie s\u0142u\u017c\u0105ce do logowania s\u0105 wa\u017cne przez dwa dni, a pliki cookie dotycz\u0105ce opcji ekranowych \u2013 przez rok. Je\u015bli wybierzesz opcj\u0119 \u201eZapami\u0119taj mnie\u201d, Tw\u00f3j login b\u0119dzie wa\u017cny przez dwa tygodnie. Je\u015bli wylogujesz si\u0119 ze swojego konta, pliki cookie logowania zostan\u0105 usuni\u0119te. <\/p>\n\n\n\n<p>Je\u015bli zmodyfikujesz lub opublikujesz artyku\u0142, w Twojej przegl\u0105darce zostanie zapisane dodatkowe ciasteczko. Ten plik cookie nie zawiera \u017cadnych danych osobowych i po prostu wskazuje identyfikator wpisu w\u0142a\u015bnie edytowanego artyku\u0142u. Wygasa po 1 dniu.<\/p>\n\n\n\n<h4 class=\"wp-block-heading\">Osadzone tre\u015bci z innych stron internetowych<\/h4>\n\n\n\n<p>Artyku\u0142y w tej witrynie mog\u0105 zawiera\u0107 osadzone tre\u015bci (np. filmy, obrazy, artyku\u0142y itp.). Osadzone tre\u015bci z innych witryn zachowuj\u0105 si\u0119 dok\u0142adnie tak samo, jakby u\u017cytkownik odwiedzi\u0142 inn\u0105 witryn\u0119. <\/p>\n\n\n\n<p>Strony te mog\u0105 gromadzi\u0107 dane o Tobie, wykorzystywa\u0107 pliki cookie, osadza\u0107 dodatkowe \u015bledzenie stron trzecich i monitorowa\u0107 Twoj\u0105 interakcj\u0119 z osadzon\u0105 tre\u015bci\u0105, w tym \u015bledzenie Twojej interakcji z osadzon\u0105 tre\u015bci\u0105, je\u015bli masz konto i jeste\u015b zalogowany w tej witrynie.<\/p>\n\n\n\n<h4 class=\"wp-block-heading\">Komu udost\u0119pniamy Twoje dane<\/h4>\n\n\n\n<p>Je\u015bli poprosisz o zresetowanie has\u0142a, Tw\u00f3j adres IP zostanie zawarty w wiadomo\u015bci e-mail dotycz\u0105cej resetowania. Je\u015bli zrobisz rezerwacj\u0119 Twoje dane zostan\u0105 wys\u0142ane na konta e-mail odpowiednich naszych pracownik\u00f3w, a w procesie przetwarzania dost\u0119pno\u015bci termin\u00f3w pos\u0142u\u017cy nam to w celu kontaktowym z Tob\u0105.<\/p>\n\n\n\n<h4 class=\"wp-block-heading\">Jak d\u0142ugo przechowujemy Twoje dane<\/h4>\n\n\n\n<p>Je\u015bli zostawisz komentarz, komentarz i jego metadane b\u0119d\u0105 przechowywane przez czas nieokre\u015blony. Dzi\u0119ki temu mo\u017cemy automatycznie rozpoznawa\u0107 i zatwierdza\u0107 wszelkie kolejne komentarze, zamiast umieszcza\u0107 je w kolejce moderacji. <\/p>\n\n\n\n<p>W przypadku u\u017cytkownik\u00f3w, kt\u00f3rzy zarejestruj\u0105 si\u0119 na naszej stronie internetowej (je\u015bli istniej\u0105), przechowujemy r\u00f3wnie\u017c dane osobowe, kt\u00f3re podaj\u0105 w swoim profilu u\u017cytkownika. Wszyscy u\u017cytkownicy mog\u0105 w dowolnym momencie przegl\u0105da\u0107, edytowa\u0107 lub usuwa\u0107 swoje dane osobowe (z wyj\u0105tkiem tego, \u017ce nie mog\u0105 zmieni\u0107 swojej nazwy u\u017cytkownika). Administratorzy witryny r\u00f3wnie\u017c mog\u0105 przegl\u0105da\u0107 i edytowa\u0107 te informacje.<\/p>\n\n\n\n<h4 class=\"wp-block-heading\">Jakie masz prawa do swoich danych<\/h4>\n\n\n\n<p>Je\u015bli masz konto w tej witrynie lub doda\u0142e\u015b komentarze, wykona\u0142e\u015b rezerwacj\u0119, mo\u017cesz poprosi\u0107 o otrzymanie pliku z wyeksportowanym kompletem danych osobowych, kt\u00f3re posiadamy na Tw\u00f3j temat, w tym wszelkich danych, kt\u00f3re nam przekaza\u0142e\u015b. Mo\u017cesz tak\u017ce za\u017c\u0105da\u0107 usuni\u0119cia przez nas wszelkich danych osobowych, kt\u00f3re posiadamy na Tw\u00f3j temat. Nie dotyczy to \u017cadnych danych, kt\u00f3re jeste\u015bmy zobowi\u0105zani przechowywa\u0107 ze wzgl\u0119d\u00f3w administracyjnych, prawnych lub bezpiecze\u0144stwa.<\/p>\n\n\n\n<h4 class=\"wp-block-heading\">Gdzie przesy\u0142ane s\u0105 Twoje dane<\/h4>\n\n\n\n<p>Komentarze go\u015bci mog\u0105 by\u0107 sprawdzane za pomoc\u0105 automatycznej us\u0142ugi wykrywania spamu.<\/p>\n\n\n\n<h4 class=\"wp-block-heading\">Podsumowanie<\/h4>\n\n\n\n<p>Pami\u0119taj o najwa\u017cniejszej rzeczy. To co udost\u0119pniasz robisz dobrowolnie, a tym samym \u015bwiadomie. Nie udost\u0119pniaj nic co wed\u0142ug Ciebie jest potencjalnie dla Ciebie szkodliwe lub mo\u017ce przyczyni\u0107 si\u0119 do niepotrzebnych konsekwencji. <\/p>\n\n\n\n<p>To prawda, \u017ce stworzono RODO i inne formy pseudozabezpiecze\u0144, lecz nic nie chroni danych tak jak rozs\u0105dek. Wielokrotnie ju\u017c media informowa\u0142y o wykradaniu danych z najlepiej strze\u017conych serwer\u00f3w. Nie miej z\u0142udze\u0144, \u017ce nasz serwer to twierdza. <\/p>\n\n\n\n<p>Dla nas w celu kontaktu niezb\u0119dny jest tylko e-mail i imi\u0119 w celu okre\u015blenia formy grzeczno\u015bciowej do kontaktu. Nie \u017c\u0105damy od Ciebie numeru telefonu, nazwiska, PESELU oraz innych danych wra\u017cliwych.<\/p>\n\n\n\n<p>Wyj\u0105tkiem jest sytuacja, kiedy b\u0119dziemy mieli do Ciebie przyjecha\u0107. Wtedy niestety musimy wiedzie\u0107 gdzie.<\/p>\n\n\n\n<p><strong>CHRO\u0143 SWOJE DANE I PODAWAJ JE \u015aWIADOMIE !!!<\/strong><\/p>\n\n\n","protected":false},"excerpt":{"rendered":"","protected":false},"author":1,"featured_media":0,"parent":0,"menu_order":0,"comment_status":"closed","ping_status":"closed","template":"","meta":{"pagelayer_contact_templates":[],"_pagelayer_content":"","footnotes":""},"class_list":["post-3","page","type-page","status-publish","hentry"],"_links":{"self":[{"href":"https:\/\/serwistik.pl\/booking\/index.php?rest_route=\/wp\/v2\/pages\/3","targetHints":{"allow":["GET"]}}],"collection":[{"href":"https:\/\/serwistik.pl\/booking\/index.php?rest_route=\/wp\/v2\/pages"}],"about":[{"href":"https:\/\/serwistik.pl\/booking\/index.php?rest_route=\/wp\/v2\/types\/page"}],"author":[{"embeddable":true,"href":"https:\/\/serwistik.pl\/booking\/index.php?rest_route=\/wp\/v2\/users\/1"}],"replies":[{"embeddable":true,"href":"https:\/\/serwistik.pl\/booking\/index.php?rest_route=%2Fwp%2Fv2%2Fcomments&post=3"}],"version-history":[{"count":10,"href":"https:\/\/serwistik.pl\/booking\/index.php?rest_route=\/wp\/v2\/pages\/3\/revisions"}],"predecessor-version":[{"id":186,"href":"https:\/\/serwistik.pl\/booking\/index.php?rest_route=\/wp\/v2\/pages\/3\/revisions\/186"}],"wp:attachment":[{"href":"https:\/\/serwistik.pl\/booking\/index.php?rest_route=%2Fwp%2Fv2%2Fmedia&parent=3"}],"curies":[{"name":"wp","href":"https:\/\/api.w.org\/{rel}","templated":true}]}}